{"id":193,"date":"2021-10-29T00:35:23","date_gmt":"2021-10-28T22:35:23","guid":{"rendered":"http:\/\/www.anondandon.fr\/?page_id=193"},"modified":"2021-12-09T22:17:23","modified_gmt":"2021-12-09T21:17:23","slug":"andon","status":"publish","type":"page","link":"https:\/\/www.anondandon.fr\/index.php\/andon\/","title":{"rendered":"Andon"},"content":{"rendered":"\t\t<div data-elementor-type=\"wp-page\" data-elementor-id=\"193\" class=\"elementor elementor-193\">\n\t\t\t\t\t\t<section class=\"elementor-section elementor-top-section elementor-element elementor-element-c3fa7c7 elementor-section-boxed elementor-section-height-default elementor-section-height-default\" data-id=\"c3fa7c7\" data-element_type=\"section\">\n\t\t\t\t\t\t<div class=\"elementor-container elementor-column-gap-default\">\n\t\t\t\t\t<div class=\"elementor-column elementor-col-50 elementor-top-column elementor-element elementor-element-f9f4ec0\" data-id=\"f9f4ec0\" data-element_type=\"column\">\n\t\t\t<div class=\"elementor-widget-wrap elementor-element-populated\">\n\t\t\t\t\t\t<div class=\"elementor-element elementor-element-cf0fad2 elementor-widget elementor-widget-google_maps\" data-id=\"cf0fad2\" data-element_type=\"widget\" data-widget_type=\"google_maps.default\">\n\t\t\t\t<div class=\"elementor-widget-container\">\n\t\t\t\t\t\t\t<div class=\"elementor-custom-embed\">\n\t\t\t<iframe loading=\"lazy\"\n\t\t\t\t\tsrc=\"https:\/\/maps.google.com\/maps?q=Andon&#038;t=m&#038;z=10&#038;output=embed&#038;iwloc=near\"\n\t\t\t\t\ttitle=\"Andon\"\n\t\t\t\t\taria-label=\"Andon\"\n\t\t\t><\/iframe>\n\t\t<\/div>\n\t\t\t\t\t\t<\/div>\n\t\t\t\t<\/div>\n\t\t\t\t\t<\/div>\n\t\t<\/div>\n\t\t\t\t<div class=\"elementor-column elementor-col-50 elementor-top-column elementor-element elementor-element-26bdde3\" data-id=\"26bdde3\" data-element_type=\"column\">\n\t\t\t<div class=\"elementor-widget-wrap elementor-element-populated\">\n\t\t\t\t\t\t<div class=\"elementor-element elementor-element-0239296 elementor-widget elementor-widget-image\" data-id=\"0239296\" data-element_type=\"widget\" data-widget_type=\"image.default\">\n\t\t\t\t<div class=\"elementor-widget-container\">\n\t\t\t\t\t\t\t\t\t\t\t\t\t\t\t<img fetchpriority=\"high\" decoding=\"async\" width=\"931\" height=\"1024\" src=\"https:\/\/i0.wp.com\/www.anondandon.fr\/wp-content\/uploads\/2021\/10\/1920px-Blason_ville_fr_Andon_06.svg_.png?fit=931%2C1024&amp;ssl=1\" class=\"attachment-large size-large wp-image-200\" alt=\"Blason d&#039;Andon\" srcset=\"https:\/\/i0.wp.com\/www.anondandon.fr\/wp-content\/uploads\/2021\/10\/1920px-Blason_ville_fr_Andon_06.svg_.png?w=1920&amp;ssl=1 1920w, https:\/\/i0.wp.com\/www.anondandon.fr\/wp-content\/uploads\/2021\/10\/1920px-Blason_ville_fr_Andon_06.svg_.png?resize=273%2C300&amp;ssl=1 273w, https:\/\/i0.wp.com\/www.anondandon.fr\/wp-content\/uploads\/2021\/10\/1920px-Blason_ville_fr_Andon_06.svg_.png?resize=931%2C1024&amp;ssl=1 931w, https:\/\/i0.wp.com\/www.anondandon.fr\/wp-content\/uploads\/2021\/10\/1920px-Blason_ville_fr_Andon_06.svg_.png?resize=768%2C845&amp;ssl=1 768w, https:\/\/i0.wp.com\/www.anondandon.fr\/wp-content\/uploads\/2021\/10\/1920px-Blason_ville_fr_Andon_06.svg_.png?resize=1396%2C1536&amp;ssl=1 1396w, https:\/\/i0.wp.com\/www.anondandon.fr\/wp-content\/uploads\/2021\/10\/1920px-Blason_ville_fr_Andon_06.svg_.png?resize=1862%2C2048&amp;ssl=1 1862w\" sizes=\"(max-width: 931px) 100vw, 931px\" \/>\t\t\t\t\t\t\t\t\t\t\t\t\t\t\t<\/div>\n\t\t\t\t<\/div>\n\t\t\t\t\t<\/div>\n\t\t<\/div>\n\t\t\t\t\t<\/div>\n\t\t<\/section>\n\t\t\t\t<section class=\"elementor-section elementor-top-section elementor-element elementor-element-1032c38 elementor-section-boxed elementor-section-height-default elementor-section-height-default\" data-id=\"1032c38\" data-element_type=\"section\">\n\t\t\t\t\t\t<div class=\"elementor-container elementor-column-gap-default\">\n\t\t\t\t\t<div class=\"elementor-column elementor-col-100 elementor-top-column elementor-element elementor-element-ff63192\" data-id=\"ff63192\" data-element_type=\"column\">\n\t\t\t<div class=\"elementor-widget-wrap elementor-element-populated\">\n\t\t\t\t\t\t<div class=\"elementor-element elementor-element-f37f183 elementor-widget elementor-widget-text-editor\" data-id=\"f37f183\" data-element_type=\"widget\" data-widget_type=\"text-editor.default\">\n\t\t\t\t<div class=\"elementor-widget-container\">\n\t\t\t\t\t\t\t\t\t<p>ANDON, un peu d&rsquo;histoire!<\/p><p>Install\u00e9 dans une plaine \u00e0 1182 m\u00e8tres d&rsquo;altitude, prot\u00e9g\u00e9 par des reliefs montagneux au nord et au sud,\u00a0<a href=\"http:\/\/www.ville-andon.com\/index.php\/patrimoine-et-tourisme\/andon\">Andon<\/a>\u00a0qui s&rsquo;\u00e9tend autour d&rsquo;une grande place o\u00f9 se regroupent les plus anciennes maisons, est riche de multiples facettes : vestiges romains, oppidum de Barlet, ruines d&rsquo;un ch\u00e2teau f\u00e9odal du Castellas, \u00e9glise paroissiale restaur\u00e9e en 1820 contenant des fonds baptismaux du XIIIe si\u00e8cle et un Christ espagnol du XVIIe si\u00e8cle. De plus, la commune est situ\u00e9e dans une zone calcaire favorable \u00e0 la formation de nombreux gouffres et avens bien connus des sp\u00e9l\u00e9ogues amateurs ou confirm\u00e9s. Du sommet du massif de l&rsquo;Audibergue, en \u00e9t\u00e9 le randonneur et en hiver le skieur, auront une vue imprenable sur la c\u00f4te. Par beau temps, vous pourrez m\u00eame contempler la mer et apercevoir un \u00e9tonnant reflet dans le ciel d&rsquo;azur : la Corse !!!<\/p>\t\t\t\t\t\t\t\t<\/div>\n\t\t\t\t<\/div>\n\t\t\t\t\t<\/div>\n\t\t<\/div>\n\t\t\t\t\t<\/div>\n\t\t<\/section>\n\t\t\t\t<section class=\"elementor-section elementor-top-section elementor-element elementor-element-c2b8195 elementor-section-boxed elementor-section-height-default elementor-section-height-default\" data-id=\"c2b8195\" data-element_type=\"section\">\n\t\t\t\t\t\t<div class=\"elementor-container elementor-column-gap-default\">\n\t\t\t\t\t<div class=\"elementor-column elementor-col-100 elementor-top-column elementor-element elementor-element-2d2da10\" data-id=\"2d2da10\" data-element_type=\"column\">\n\t\t\t<div class=\"elementor-widget-wrap elementor-element-populated\">\n\t\t\t\t\t\t<div class=\"elementor-element elementor-element-dcea586 elementor-widget elementor-widget-video\" data-id=\"dcea586\" data-element_type=\"widget\" data-settings=\"{&quot;youtube_url&quot;:&quot;https:\\\/\\\/youtu.be\\\/KNELJgMkpks&quot;,&quot;autoplay&quot;:&quot;yes&quot;,&quot;mute&quot;:&quot;yes&quot;,&quot;video_type&quot;:&quot;youtube&quot;,&quot;controls&quot;:&quot;yes&quot;}\" data-widget_type=\"video.default\">\n\t\t\t\t<div class=\"elementor-widget-container\">\n\t\t\t\t\t\t\t<div class=\"elementor-wrapper elementor-open-inline\">\n\t\t\t<div class=\"elementor-video\"><\/div>\t\t<\/div>\n\t\t\t\t\t\t<\/div>\n\t\t\t\t<\/div>\n\t\t\t\t\t<\/div>\n\t\t<\/div>\n\t\t\t\t\t<\/div>\n\t\t<\/section>\n\t\t\t\t<section class=\"elementor-section elementor-top-section elementor-element elementor-element-85803de elementor-section-boxed elementor-section-height-default elementor-section-height-default\" data-id=\"85803de\" data-element_type=\"section\">\n\t\t\t\t\t\t<div class=\"elementor-container elementor-column-gap-default\">\n\t\t\t\t\t<div class=\"elementor-column elementor-col-100 elementor-top-column elementor-element elementor-element-c3e07d8\" data-id=\"c3e07d8\" data-element_type=\"column\">\n\t\t\t<div class=\"elementor-widget-wrap elementor-element-populated\">\n\t\t\t\t\t\t<div class=\"elementor-element elementor-element-4d4cf21 elementor-widget elementor-widget-video\" data-id=\"4d4cf21\" data-element_type=\"widget\" data-settings=\"{&quot;youtube_url&quot;:&quot;https:\\\/\\\/youtu.be\\\/Y3h-qdi-Xik&quot;,&quot;autoplay&quot;:&quot;yes&quot;,&quot;mute&quot;:&quot;yes&quot;,&quot;video_type&quot;:&quot;youtube&quot;,&quot;controls&quot;:&quot;yes&quot;}\" data-widget_type=\"video.default\">\n\t\t\t\t<div class=\"elementor-widget-container\">\n\t\t\t\t\t\t\t<div class=\"elementor-wrapper elementor-open-inline\">\n\t\t\t<div class=\"elementor-video\"><\/div>\t\t<\/div>\n\t\t\t\t\t\t<\/div>\n\t\t\t\t<\/div>\n\t\t\t\t\t<\/div>\n\t\t<\/div>\n\t\t\t\t\t<\/div>\n\t\t<\/section>\n\t\t\t\t<section class=\"elementor-section elementor-top-section elementor-element elementor-element-422d452 elementor-section-boxed elementor-section-height-default elementor-section-height-default\" data-id=\"422d452\" data-element_type=\"section\">\n\t\t\t\t\t\t<div class=\"elementor-container elementor-column-gap-default\">\n\t\t\t\t\t<div class=\"elementor-column elementor-col-100 elementor-top-column elementor-element elementor-element-d72e618\" data-id=\"d72e618\" data-element_type=\"column\">\n\t\t\t<div class=\"elementor-widget-wrap elementor-element-populated\">\n\t\t\t\t\t\t<div class=\"elementor-element elementor-element-8fb5fe3 elementor-widget elementor-widget-text-editor\" data-id=\"8fb5fe3\" data-element_type=\"widget\" data-widget_type=\"text-editor.default\">\n\t\t\t\t<div class=\"elementor-widget-container\">\n\t\t\t\t\t\t\t\t\t<p><iframe style=\"border: none; overflow: hidden;\" src=\"https:\/\/www.facebook.com\/plugins\/post.php?href=https%3A%2F%2Fwww.facebook.com%2Fvoyages.au.coeur.de.la.france%2Fposts%2F1606474689718377&amp;show_text=true&amp;width=500\" width=\"500\" height=\"458\" frameborder=\"0\" scrolling=\"no\" allowfullscreen=\"allowfullscreen\"><\/iframe><\/p>\t\t\t\t\t\t\t\t<\/div>\n\t\t\t\t<\/div>\n\t\t\t\t\t<\/div>\n\t\t<\/div>\n\t\t\t\t\t<\/div>\n\t\t<\/section>\n\t\t\t\t<\/div>\n\t\t","protected":false},"excerpt":{"rendered":"<p>ANDON, un peu d&rsquo;histoire! Install\u00e9 dans une plaine \u00e0 1182 m\u00e8tres d&rsquo;altitude, prot\u00e9g\u00e9 par des reliefs montagneux au nord et au sud,\u00a0Andon\u00a0qui s&rsquo;\u00e9tend autour d&rsquo;une grande place o\u00f9 se regroupent les plus anciennes maisons, est riche de multiples facettes : vestiges romains, oppidum de Barlet, ruines d&rsquo;un ch\u00e2teau f\u00e9odal du Castellas, \u00e9glise paroissiale restaur\u00e9e en [&hellip;]<\/p>\n","protected":false},"author":1,"featured_media":130,"parent":0,"menu_order":0,"comment_status":"closed","ping_status":"closed","template":"","meta":{"pgc_sgb_lightbox_settings":"","footnotes":""},"class_list":["post-193","page","type-page","status-publish","has-post-thumbnail","hentry"],"yoast_head":"<!-- This site is optimized with the Yoast SEO plugin v26.9 - https:\/\/yoast.com\/product\/yoast-seo-wordpress\/ -->\n<title>Andon - L&#039;\u00e2non d&#039;Andon<\/title>\n<meta name=\"description\" content=\"Andon est un beau village des Pr\u00e9alpes d&#039;Azur situ\u00e9 \u00e0 1200m d&#039;altitude au pied de la Montagne de l&#039;Audiberge.\" \/>\n<meta name=\"robots\" content=\"index, follow, max-snippet:-1, max-image-preview:large, max-video-preview:-1\" \/>\n<link rel=\"canonical\" href=\"https:\/\/www.anondandon.fr\/index.php\/andon\/\" \/>\n<meta property=\"og:locale\" content=\"fr_FR\" \/>\n<meta property=\"og:type\" content=\"article\" \/>\n<meta property=\"og:title\" content=\"Andon - L&#039;\u00e2non d&#039;Andon\" \/>\n<meta property=\"og:description\" content=\"Andon est un beau village des Pr\u00e9alpes d&#039;Azur situ\u00e9 \u00e0 1200m d&#039;altitude au pied de la Montagne de l&#039;Audiberge.\" \/>\n<meta property=\"og:url\" content=\"https:\/\/www.anondandon.fr\/index.php\/andon\/\" \/>\n<meta property=\"og:site_name\" content=\"L&#039;\u00e2non d&#039;Andon\" \/>\n<meta property=\"article:modified_time\" content=\"2021-12-09T21:17:23+00:00\" \/>\n<meta property=\"og:image\" content=\"https:\/\/i0.wp.com\/www.anondandon.fr\/wp-content\/uploads\/2021\/10\/P2210345-scaled.jpg?fit=2560%2C1707&ssl=1\" \/>\n\t<meta property=\"og:image:width\" content=\"2560\" \/>\n\t<meta property=\"og:image:height\" content=\"1707\" \/>\n\t<meta property=\"og:image:type\" content=\"image\/jpeg\" \/>\n<meta name=\"twitter:card\" content=\"summary_large_image\" \/>\n<meta name=\"twitter:label1\" content=\"Dur\u00e9e de lecture estim\u00e9e\" \/>\n\t<meta name=\"twitter:data1\" content=\"1 minute\" \/>\n<script type=\"application\/ld+json\" class=\"yoast-schema-graph\">{\"@context\":\"https:\/\/schema.org\",\"@graph\":[{\"@type\":\"WebPage\",\"@id\":\"https:\/\/www.anondandon.fr\/index.php\/andon\/\",\"url\":\"https:\/\/www.anondandon.fr\/index.php\/andon\/\",\"name\":\"Andon - L&#039;\u00e2non d&#039;Andon\",\"isPartOf\":{\"@id\":\"https:\/\/www.anondandon.fr\/#website\"},\"primaryImageOfPage\":{\"@id\":\"https:\/\/www.anondandon.fr\/index.php\/andon\/#primaryimage\"},\"image\":{\"@id\":\"https:\/\/www.anondandon.fr\/index.php\/andon\/#primaryimage\"},\"thumbnailUrl\":\"https:\/\/i0.wp.com\/www.anondandon.fr\/wp-content\/uploads\/2021\/10\/P2210345-scaled.jpg?fit=2560%2C1707&ssl=1\",\"datePublished\":\"2021-10-28T22:35:23+00:00\",\"dateModified\":\"2021-12-09T21:17:23+00:00\",\"description\":\"Andon est un beau village des Pr\u00e9alpes d'Azur situ\u00e9 \u00e0 1200m d'altitude au pied de la Montagne de l'Audiberge.\",\"breadcrumb\":{\"@id\":\"https:\/\/www.anondandon.fr\/index.php\/andon\/#breadcrumb\"},\"inLanguage\":\"fr-FR\",\"potentialAction\":[{\"@type\":\"ReadAction\",\"target\":[\"https:\/\/www.anondandon.fr\/index.php\/andon\/\"]}]},{\"@type\":\"ImageObject\",\"inLanguage\":\"fr-FR\",\"@id\":\"https:\/\/www.anondandon.fr\/index.php\/andon\/#primaryimage\",\"url\":\"https:\/\/i0.wp.com\/www.anondandon.fr\/wp-content\/uploads\/2021\/10\/P2210345-scaled.jpg?fit=2560%2C1707&ssl=1\",\"contentUrl\":\"https:\/\/i0.wp.com\/www.anondandon.fr\/wp-content\/uploads\/2021\/10\/P2210345-scaled.jpg?fit=2560%2C1707&ssl=1\",\"width\":2560,\"height\":1707,\"caption\":\"Plaine de Caille\"},{\"@type\":\"BreadcrumbList\",\"@id\":\"https:\/\/www.anondandon.fr\/index.php\/andon\/#breadcrumb\",\"itemListElement\":[{\"@type\":\"ListItem\",\"position\":1,\"name\":\"Accueil\",\"item\":\"https:\/\/www.anondandon.fr\/\"},{\"@type\":\"ListItem\",\"position\":2,\"name\":\"Andon\"}]},{\"@type\":\"WebSite\",\"@id\":\"https:\/\/www.anondandon.fr\/#website\",\"url\":\"https:\/\/www.anondandon.fr\/\",\"name\":\"L&#039;\u00e2non d&#039;Andon\",\"description\":\"Un havre de paix dans les Alpes d&#039;Azur\",\"publisher\":{\"@id\":\"https:\/\/www.anondandon.fr\/#organization\"},\"potentialAction\":[{\"@type\":\"SearchAction\",\"target\":{\"@type\":\"EntryPoint\",\"urlTemplate\":\"https:\/\/www.anondandon.fr\/?s={search_term_string}\"},\"query-input\":{\"@type\":\"PropertyValueSpecification\",\"valueRequired\":true,\"valueName\":\"search_term_string\"}}],\"inLanguage\":\"fr-FR\"},{\"@type\":\"Organization\",\"@id\":\"https:\/\/www.anondandon.fr\/#organization\",\"name\":\"L&#039;\u00e2non d&#039;Andon\",\"url\":\"https:\/\/www.anondandon.fr\/\",\"logo\":{\"@type\":\"ImageObject\",\"inLanguage\":\"fr-FR\",\"@id\":\"https:\/\/www.anondandon.fr\/#\/schema\/logo\/image\/\",\"url\":\"https:\/\/i0.wp.com\/www.anondandon.fr\/wp-content\/uploads\/2021\/10\/cropped-cropped-LogoAndon.jpg?fit=512%2C496&ssl=1\",\"contentUrl\":\"https:\/\/i0.wp.com\/www.anondandon.fr\/wp-content\/uploads\/2021\/10\/cropped-cropped-LogoAndon.jpg?fit=512%2C496&ssl=1\",\"width\":512,\"height\":496,\"caption\":\"L&#039;\u00e2non d&#039;Andon\"},\"image\":{\"@id\":\"https:\/\/www.anondandon.fr\/#\/schema\/logo\/image\/\"}}]}<\/script>\n<!-- \/ Yoast SEO plugin. -->","yoast_head_json":{"title":"Andon - L&#039;\u00e2non d&#039;Andon","description":"Andon est un beau village des Pr\u00e9alpes d'Azur situ\u00e9 \u00e0 1200m d'altitude au pied de la Montagne de l'Audiberge.","robots":{"index":"index","follow":"follow","max-snippet":"max-snippet:-1","max-image-preview":"max-image-preview:large","max-video-preview":"max-video-preview:-1"},"canonical":"https:\/\/www.anondandon.fr\/index.php\/andon\/","og_locale":"fr_FR","og_type":"article","og_title":"Andon - L&#039;\u00e2non d&#039;Andon","og_description":"Andon est un beau village des Pr\u00e9alpes d'Azur situ\u00e9 \u00e0 1200m d'altitude au pied de la Montagne de l'Audiberge.","og_url":"https:\/\/www.anondandon.fr\/index.php\/andon\/","og_site_name":"L&#039;\u00e2non d&#039;Andon","article_modified_time":"2021-12-09T21:17:23+00:00","og_image":[{"width":2560,"height":1707,"url":"https:\/\/i0.wp.com\/www.anondandon.fr\/wp-content\/uploads\/2021\/10\/P2210345-scaled.jpg?fit=2560%2C1707&ssl=1","type":"image\/jpeg"}],"twitter_card":"summary_large_image","twitter_misc":{"Dur\u00e9e de lecture estim\u00e9e":"1 minute"},"schema":{"@context":"https:\/\/schema.org","@graph":[{"@type":"WebPage","@id":"https:\/\/www.anondandon.fr\/index.php\/andon\/","url":"https:\/\/www.anondandon.fr\/index.php\/andon\/","name":"Andon - L&#039;\u00e2non d&#039;Andon","isPartOf":{"@id":"https:\/\/www.anondandon.fr\/#website"},"primaryImageOfPage":{"@id":"https:\/\/www.anondandon.fr\/index.php\/andon\/#primaryimage"},"image":{"@id":"https:\/\/www.anondandon.fr\/index.php\/andon\/#primaryimage"},"thumbnailUrl":"https:\/\/i0.wp.com\/www.anondandon.fr\/wp-content\/uploads\/2021\/10\/P2210345-scaled.jpg?fit=2560%2C1707&ssl=1","datePublished":"2021-10-28T22:35:23+00:00","dateModified":"2021-12-09T21:17:23+00:00","description":"Andon est un beau village des Pr\u00e9alpes d'Azur situ\u00e9 \u00e0 1200m d'altitude au pied de la Montagne de l'Audiberge.","breadcrumb":{"@id":"https:\/\/www.anondandon.fr\/index.php\/andon\/#breadcrumb"},"inLanguage":"fr-FR","potentialAction":[{"@type":"ReadAction","target":["https:\/\/www.anondandon.fr\/index.php\/andon\/"]}]},{"@type":"ImageObject","inLanguage":"fr-FR","@id":"https:\/\/www.anondandon.fr\/index.php\/andon\/#primaryimage","url":"https:\/\/i0.wp.com\/www.anondandon.fr\/wp-content\/uploads\/2021\/10\/P2210345-scaled.jpg?fit=2560%2C1707&ssl=1","contentUrl":"https:\/\/i0.wp.com\/www.anondandon.fr\/wp-content\/uploads\/2021\/10\/P2210345-scaled.jpg?fit=2560%2C1707&ssl=1","width":2560,"height":1707,"caption":"Plaine de Caille"},{"@type":"BreadcrumbList","@id":"https:\/\/www.anondandon.fr\/index.php\/andon\/#breadcrumb","itemListElement":[{"@type":"ListItem","position":1,"name":"Accueil","item":"https:\/\/www.anondandon.fr\/"},{"@type":"ListItem","position":2,"name":"Andon"}]},{"@type":"WebSite","@id":"https:\/\/www.anondandon.fr\/#website","url":"https:\/\/www.anondandon.fr\/","name":"L&#039;\u00e2non d&#039;Andon","description":"Un havre de paix dans les Alpes d&#039;Azur","publisher":{"@id":"https:\/\/www.anondandon.fr\/#organization"},"potentialAction":[{"@type":"SearchAction","target":{"@type":"EntryPoint","urlTemplate":"https:\/\/www.anondandon.fr\/?s={search_term_string}"},"query-input":{"@type":"PropertyValueSpecification","valueRequired":true,"valueName":"search_term_string"}}],"inLanguage":"fr-FR"},{"@type":"Organization","@id":"https:\/\/www.anondandon.fr\/#organization","name":"L&#039;\u00e2non d&#039;Andon","url":"https:\/\/www.anondandon.fr\/","logo":{"@type":"ImageObject","inLanguage":"fr-FR","@id":"https:\/\/www.anondandon.fr\/#\/schema\/logo\/image\/","url":"https:\/\/i0.wp.com\/www.anondandon.fr\/wp-content\/uploads\/2021\/10\/cropped-cropped-LogoAndon.jpg?fit=512%2C496&ssl=1","contentUrl":"https:\/\/i0.wp.com\/www.anondandon.fr\/wp-content\/uploads\/2021\/10\/cropped-cropped-LogoAndon.jpg?fit=512%2C496&ssl=1","width":512,"height":496,"caption":"L&#039;\u00e2non d&#039;Andon"},"image":{"@id":"https:\/\/www.anondandon.fr\/#\/schema\/logo\/image\/"}}]}},"jetpack_shortlink":"https:\/\/wp.me\/Pdu1e8-37","jetpack_sharing_enabled":true,"jetpack_likes_enabled":false,"_links":{"self":[{"href":"https:\/\/www.anondandon.fr\/index.php\/wp-json\/wp\/v2\/pages\/193","targetHints":{"allow":["GET"]}}],"collection":[{"href":"https:\/\/www.anondandon.fr\/index.php\/wp-json\/wp\/v2\/pages"}],"about":[{"href":"https:\/\/www.anondandon.fr\/index.php\/wp-json\/wp\/v2\/types\/page"}],"author":[{"embeddable":true,"href":"https:\/\/www.anondandon.fr\/index.php\/wp-json\/wp\/v2\/users\/1"}],"replies":[{"embeddable":true,"href":"https:\/\/www.anondandon.fr\/index.php\/wp-json\/wp\/v2\/comments?post=193"}],"version-history":[{"count":37,"href":"https:\/\/www.anondandon.fr\/index.php\/wp-json\/wp\/v2\/pages\/193\/revisions"}],"predecessor-version":[{"id":557,"href":"https:\/\/www.anondandon.fr\/index.php\/wp-json\/wp\/v2\/pages\/193\/revisions\/557"}],"wp:featuredmedia":[{"embeddable":true,"href":"https:\/\/www.anondandon.fr\/index.php\/wp-json\/wp\/v2\/media\/130"}],"wp:attachment":[{"href":"https:\/\/www.anondandon.fr\/index.php\/wp-json\/wp\/v2\/media?parent=193"}],"curies":[{"name":"wp","href":"https:\/\/api.w.org\/{rel}","templated":true}]}}