{"id":24,"date":"2021-10-28T16:07:09","date_gmt":"2021-10-28T14:07:09","guid":{"rendered":"http:\/\/www.anondandon.fr\/?page_id=24"},"modified":"2025-11-08T23:20:09","modified_gmt":"2025-11-08T22:20:09","slug":"chalet-chambres-et-table-dhote-a-andon-alpes-maritimes","status":"publish","type":"page","link":"https:\/\/www.anondandon.fr\/","title":{"rendered":"L&rsquo;\u00e2non d&rsquo;Andon"},"content":{"rendered":"\r\n<h1><strong>Chalet chambres et table d&rsquo;h\u00f4tes<img data-recalc-dims=\"1\" decoding=\"async\" class=\" wp-image-180 alignright\" src=\"https:\/\/i0.wp.com\/www.anondandon.fr\/wp-content\/uploads\/2021\/10\/cropped-cropped-LogoAndon.jpg?resize=173%2C168\" alt=\"\" width=\"173\" height=\"168\" srcset=\"https:\/\/i0.wp.com\/www.anondandon.fr\/wp-content\/uploads\/2021\/10\/cropped-cropped-LogoAndon.jpg?resize=300%2C291&amp;ssl=1 300w, https:\/\/i0.wp.com\/www.anondandon.fr\/wp-content\/uploads\/2021\/10\/cropped-cropped-LogoAndon.jpg?w=512&amp;ssl=1 512w\" sizes=\"(max-width: 173px) 100vw, 173px\" \/><\/strong><\/h1>\r\n<p>L&rsquo;\u00e2non d&rsquo;Andon &#8211; <a href=\"https:\/\/goo.gl\/maps\/AXWtrAA8YhR7ExFA8\">490 route du Pont du Loup<\/a> &#8211; 06750 <a href=\"http:\/\/www.ville-andon.com\/\">Andon<\/a> <em>Coordonn\u00e9es GPS 43.77441 6.79335 T\u00e9l\u00e9phone: +33645788263 email: <a href=\"mailto:anondandon@gmail.com\">anondandon@gmail.com<\/a><\/em><\/p>\r\n\r\n\r\n\r\n<p><strong>Chalet chambres et table d&rsquo;h\u00f4te \u00e0 Andon Alpes-Maritimes,\u00a0\u00a0<\/strong><\/p>\r\n<p><b>\u00e0 1h de route de Cannes ou Antibes, dans le <a href=\"https:\/\/www.parc-prealpesdazur.fr\/\">Parc R\u00e9gional des Pr\u00e9alpes d&rsquo;Azur<\/a>!<\/b><\/p>\r\n\r\n\r\n\r\n<ul class=\"wp-block-list\">\r\n<li>5 <a href=\"https:\/\/www.anondandon.fr\/index.php\/les-chambres\/\">chambres<\/a> dans un chalet \u00e0 1200m d&rsquo;altitude et les <a href=\"https:\/\/www.anondandon.fr\/index.php\/les-gites\/\">chalets g\u00eetes<\/a><\/li>\r\n<li><a href=\"https:\/\/www.anondandon.fr\/index.php\/la-table-dhotes\/\">Table d&rsquo;h\u00f4tes<\/a> \u00e0 base de bons produits r\u00e9gionaux<\/li>\r\n<li>Une piscine (en \u00e9t\u00e9)<\/li>\r\n<li>Des balades dans les Pr\u00e9-Alpes d&rsquo;Azur<\/li>\r\n<li>A 5 minutes en voiture de la station de ski de l&rsquo;Audibergue<\/li>\r\n<\/ul>\r\n\r\n\r\n\r\n<p><strong>Nouveaut\u00e9 en octobre 2025&#8230; <a href=\"https:\/\/www.anondandon.fr\/index.php\/les-gites\/\">un 2\u00e9me petit chalet en bois lou\u00e9 sous forme de g\u00eete!\u00a0<\/a><\/strong><\/p>\r\n<p style=\"color: #ff0000;\"><strong>Venez vous ressourcer \u00e0 Andon!<\/strong><\/p>\r\n\r\n\r\n\r\n<div id=\"attachment_658\" style=\"width: 1034px\" class=\"wp-caption aligncenter\"><img data-recalc-dims=\"1\" fetchpriority=\"high\" decoding=\"async\" aria-describedby=\"caption-attachment-658\" class=\"size-large wp-image-658\" src=\"https:\/\/i0.wp.com\/www.anondandon.fr\/wp-content\/uploads\/2024\/02\/IMG_5171.jpg?resize=1024%2C733\" alt=\"l'Anon d'Andon\" width=\"1024\" height=\"733\" srcset=\"https:\/\/i0.wp.com\/www.anondandon.fr\/wp-content\/uploads\/2024\/02\/IMG_5171-scaled.jpg?resize=1024%2C733&amp;ssl=1 1024w, https:\/\/i0.wp.com\/www.anondandon.fr\/wp-content\/uploads\/2024\/02\/IMG_5171-scaled.jpg?resize=300%2C215&amp;ssl=1 300w, https:\/\/i0.wp.com\/www.anondandon.fr\/wp-content\/uploads\/2024\/02\/IMG_5171-scaled.jpg?resize=768%2C550&amp;ssl=1 768w, https:\/\/i0.wp.com\/www.anondandon.fr\/wp-content\/uploads\/2024\/02\/IMG_5171-scaled.jpg?resize=1536%2C1100&amp;ssl=1 1536w, https:\/\/i0.wp.com\/www.anondandon.fr\/wp-content\/uploads\/2024\/02\/IMG_5171-scaled.jpg?resize=2048%2C1467&amp;ssl=1 2048w, https:\/\/i0.wp.com\/www.anondandon.fr\/wp-content\/uploads\/2024\/02\/IMG_5171-scaled.jpg?w=2340 2340w\" sizes=\"(max-width: 1024px) 100vw, 1024px\" \/><p id=\"caption-attachment-658\" class=\"wp-caption-text\">Chalet l&rsquo;\u00e2non d&rsquo;Andon<\/p><\/div>\r\n<h2>Comment venir \u00e0 l&rsquo;\u00e2non d&rsquo;Andon?<\/h2>\r\n<p><strong>Andon est \u00e0 50 km de Cannes ou Antibes<\/strong>&#8230; 1 h de route en passant par Grasse\/Saint Vallier ou Gourdon\/Caussols.<\/p>\r\n<p>Le chalet se trouve \u00e0 500 m avant le village d&rsquo;Andon en montant par la route de Saint Vallier\/Caussols ou 500m apr\u00e8s le village sur la droite en venant de S\u00e9ranon, Caille et la RN85 (Route Napol\u00e9on).\u00a0<\/p>\r\n<p>Un parking vous accueille c\u00f4t\u00e9 village d&rsquo;Andon.<\/p>\r\n<p style=\"text-align: center;\"><iframe style=\"border: 0;\" src=\"https:\/\/www.google.com\/maps\/embed?pb=!1m18!1m12!1m3!1d23048.908823530495!2d6.789153495646855!3d43.770500597580536!2m3!1f0!2f0!3f0!3m2!1i1024!2i768!4f13.1!3m3!1m2!1s0x12cc3d04e62c8159%3A0x3d8ce63c3f840ce8!2sL'%C3%A2non%20d'Andon!5e0!3m2!1sfr!2sfr!4v1638306713712!5m2!1sfr!2sfr\" width=\"1200\" height=\"600\" allowfullscreen=\"allowfullscreen\"><span data-mce-type=\"bookmark\" style=\"display: inline-block; width: 0px; overflow: hidden; line-height: 0;\" class=\"mce_SELRES_start\">\ufeff<\/span><\/iframe><\/p>\r\n<div id=\"attachment_125\" style=\"width: 1034px\" class=\"wp-caption aligncenter\"><img data-recalc-dims=\"1\" decoding=\"async\" aria-describedby=\"caption-attachment-125\" class=\"wp-image-125 size-large\" title=\"L'\u00e2non d'Andon\" src=\"https:\/\/i0.wp.com\/www.anondandon.fr\/wp-content\/uploads\/2021\/10\/P2210227.jpg?resize=1024%2C683\" alt=\"L'\u00e2non d'Andon au printemps\" width=\"1024\" height=\"683\" srcset=\"https:\/\/i0.wp.com\/www.anondandon.fr\/wp-content\/uploads\/2021\/10\/P2210227-scaled.jpg?resize=1024%2C683&amp;ssl=1 1024w, https:\/\/i0.wp.com\/www.anondandon.fr\/wp-content\/uploads\/2021\/10\/P2210227-scaled.jpg?resize=300%2C200&amp;ssl=1 300w, https:\/\/i0.wp.com\/www.anondandon.fr\/wp-content\/uploads\/2021\/10\/P2210227-scaled.jpg?resize=768%2C512&amp;ssl=1 768w, https:\/\/i0.wp.com\/www.anondandon.fr\/wp-content\/uploads\/2021\/10\/P2210227-scaled.jpg?resize=1536%2C1024&amp;ssl=1 1536w, https:\/\/i0.wp.com\/www.anondandon.fr\/wp-content\/uploads\/2021\/10\/P2210227-scaled.jpg?resize=2048%2C1365&amp;ssl=1 2048w, https:\/\/i0.wp.com\/www.anondandon.fr\/wp-content\/uploads\/2021\/10\/P2210227-scaled.jpg?w=2340 2340w\" sizes=\"(max-width: 1024px) 100vw, 1024px\" \/><p id=\"caption-attachment-125\" class=\"wp-caption-text\">L&rsquo;\u00e2non d&rsquo;Andon au printemps<\/p><\/div>\r\n<div id=\"attachment_18\" style=\"width: 1034px\" class=\"wp-caption aligncenter\"><img data-recalc-dims=\"1\" loading=\"lazy\" decoding=\"async\" aria-describedby=\"caption-attachment-18\" class=\"wp-image-18 size-large\" title=\"Plaine de Caille\" src=\"https:\/\/i0.wp.com\/www.anondandon.fr\/wp-content\/uploads\/2021\/10\/P2220350-1.jpg?resize=1024%2C683\" alt=\"Andon - la plaine de Caille\" width=\"1024\" height=\"683\" srcset=\"https:\/\/i0.wp.com\/www.anondandon.fr\/wp-content\/uploads\/2021\/10\/P2220350-1-scaled.jpg?resize=1024%2C683&amp;ssl=1 1024w, https:\/\/i0.wp.com\/www.anondandon.fr\/wp-content\/uploads\/2021\/10\/P2220350-1-scaled.jpg?resize=300%2C200&amp;ssl=1 300w, https:\/\/i0.wp.com\/www.anondandon.fr\/wp-content\/uploads\/2021\/10\/P2220350-1-scaled.jpg?resize=768%2C512&amp;ssl=1 768w, https:\/\/i0.wp.com\/www.anondandon.fr\/wp-content\/uploads\/2021\/10\/P2220350-1-scaled.jpg?resize=1536%2C1024&amp;ssl=1 1536w, https:\/\/i0.wp.com\/www.anondandon.fr\/wp-content\/uploads\/2021\/10\/P2220350-1-scaled.jpg?resize=2048%2C1365&amp;ssl=1 2048w, https:\/\/i0.wp.com\/www.anondandon.fr\/wp-content\/uploads\/2021\/10\/P2220350-1-scaled.jpg?w=2340 2340w\" sizes=\"(max-width: 1024px) 100vw, 1024px\" \/><p id=\"caption-attachment-18\" class=\"wp-caption-text\">Andon &#8211; la plaine de Caille<\/p><\/div>\r\n<div class=\"mceTemp\">\u00a0<\/div>\r\n<p>&nbsp;<\/p>\r\n<h2>Emilie &amp; Cyrille vous accueillent<\/h2>\r\n<ul>\r\n<li>Emilie est originaire d&rsquo;Antibes , elle est dipl\u00f4m\u00e9e du Lyc\u00e9e H\u00f4telier Paul Augier de Nice. Elle a travaill\u00e9 dans plusieurs restaurants gastronomiques \u00e0 Lyon, Saint-Jean Cap Ferrat, Courchevel, puis Valence.\u00a0En 2021, retour aux sources dans les Alpes Maritimes, o\u00f9 elle se lance dans cette aventure dans ce beau chalet \u00e0 Andon&#8230; Tradition, terroir, produits locaux sains, authenticit\u00e9 sont ses devises pour cette aventure!<\/li>\r\n<li>Cyrille a grandit dans la boulangerie de ses parents , puis a travaill\u00e9 en usine et espaces verts. Les chambres, la piscine ou le d\u00e9neigement, le bois pour la chemin\u00e9e ou le jardin vous le croiserez dans le chalet .<\/li>\r\n<\/ul>\r\n<p><img data-recalc-dims=\"1\" loading=\"lazy\" decoding=\"async\" class=\"size-medium wp-image-740 aligncenter\" src=\"https:\/\/i0.wp.com\/www.anondandon.fr\/wp-content\/uploads\/2025\/11\/IMG-20250708-WA0395.jpg?resize=300%2C266\" alt=\"\" width=\"300\" height=\"266\" srcset=\"https:\/\/i0.wp.com\/www.anondandon.fr\/wp-content\/uploads\/2025\/11\/IMG-20250708-WA0395.jpg?resize=300%2C266&amp;ssl=1 300w, https:\/\/i0.wp.com\/www.anondandon.fr\/wp-content\/uploads\/2025\/11\/IMG-20250708-WA0395.jpg?resize=1024%2C907&amp;ssl=1 1024w, https:\/\/i0.wp.com\/www.anondandon.fr\/wp-content\/uploads\/2025\/11\/IMG-20250708-WA0395.jpg?resize=768%2C680&amp;ssl=1 768w, https:\/\/i0.wp.com\/www.anondandon.fr\/wp-content\/uploads\/2025\/11\/IMG-20250708-WA0395.jpg?w=1110&amp;ssl=1 1110w\" sizes=\"(max-width: 300px) 100vw, 300px\" \/><\/p>\r\n<h2>Accessibilit\u00e9:\u00a0 attention Loi Montagne du 1er novembre au 31 mars<\/h2>\r\n<p>Vous devez avoir <strong>des cha\u00eenes ou des chaussettes dans le coffre<\/strong> ou avoir <strong>4 pneus \u00ab\u00a0neige\u00a0\u00bb ou \u00ab\u00a04 saisons\u00a0\u00bb (3PMSF)\u00a0<\/strong> <strong>m\u00eame si il ne neige pas<\/strong> .<\/p>\r\n<p>Si il neige ne vous inqui\u00e9tez pas les routes sont bien entretenues et Cyrille vous aidera a mettre les cha\u00eenes si besoin . Les places de parking sont bien d\u00e9gag\u00e9es et faciles d&rsquo;acc\u00e8s.\u00a0<\/p>\r\n<p><em>Le symbole 3PMSF est compos\u00e9 de trois sommets de montagne qui encadrent un flocon de neige et est appos\u00e9 sur le flanc des pneus.<\/em><\/p>\r\n<p>&nbsp;<\/p>\r\n<div id=\"attachment_312\" style=\"width: 1034px\" class=\"wp-caption aligncenter\"><img data-recalc-dims=\"1\" loading=\"lazy\" decoding=\"async\" aria-describedby=\"caption-attachment-312\" class=\"wp-image-312 size-large\" title=\"Le chalet en hiver\" src=\"https:\/\/i0.wp.com\/www.anondandon.fr\/wp-content\/uploads\/2021\/11\/DSC_0580-2.jpg?resize=1024%2C683\" alt=\"Le chalet en hiver\" width=\"1024\" height=\"683\" srcset=\"https:\/\/i0.wp.com\/www.anondandon.fr\/wp-content\/uploads\/2021\/11\/DSC_0580-2-scaled.jpg?resize=1024%2C683&amp;ssl=1 1024w, https:\/\/i0.wp.com\/www.anondandon.fr\/wp-content\/uploads\/2021\/11\/DSC_0580-2-scaled.jpg?resize=300%2C200&amp;ssl=1 300w, https:\/\/i0.wp.com\/www.anondandon.fr\/wp-content\/uploads\/2021\/11\/DSC_0580-2-scaled.jpg?resize=768%2C512&amp;ssl=1 768w, https:\/\/i0.wp.com\/www.anondandon.fr\/wp-content\/uploads\/2021\/11\/DSC_0580-2-scaled.jpg?resize=1536%2C1024&amp;ssl=1 1536w, https:\/\/i0.wp.com\/www.anondandon.fr\/wp-content\/uploads\/2021\/11\/DSC_0580-2-scaled.jpg?resize=2048%2C1365&amp;ssl=1 2048w, https:\/\/i0.wp.com\/www.anondandon.fr\/wp-content\/uploads\/2021\/11\/DSC_0580-2-scaled.jpg?w=2340 2340w\" sizes=\"(max-width: 1024px) 100vw, 1024px\" \/><p id=\"caption-attachment-312\" class=\"wp-caption-text\">Le chalet en hiver<\/p><\/div>\r\n<h2>Situation dans Andon:\u00a0<\/h2>\r\n<div id=\"attachment_646\" style=\"width: 1034px\" class=\"wp-caption aligncenter\"><img data-recalc-dims=\"1\" loading=\"lazy\" decoding=\"async\" aria-describedby=\"caption-attachment-646\" class=\"size-large wp-image-646\" src=\"https:\/\/i0.wp.com\/www.anondandon.fr\/wp-content\/uploads\/2024\/02\/Anon-dAndon-vue-generale.jpg?resize=1024%2C683\" alt=\"l'Anon d'Andon\" width=\"1024\" height=\"683\" srcset=\"https:\/\/i0.wp.com\/www.anondandon.fr\/wp-content\/uploads\/2024\/02\/Anon-dAndon-vue-generale-scaled.jpg?resize=1024%2C683&amp;ssl=1 1024w, https:\/\/i0.wp.com\/www.anondandon.fr\/wp-content\/uploads\/2024\/02\/Anon-dAndon-vue-generale-scaled.jpg?resize=300%2C200&amp;ssl=1 300w, https:\/\/i0.wp.com\/www.anondandon.fr\/wp-content\/uploads\/2024\/02\/Anon-dAndon-vue-generale-scaled.jpg?resize=768%2C512&amp;ssl=1 768w, https:\/\/i0.wp.com\/www.anondandon.fr\/wp-content\/uploads\/2024\/02\/Anon-dAndon-vue-generale-scaled.jpg?resize=1536%2C1024&amp;ssl=1 1536w, https:\/\/i0.wp.com\/www.anondandon.fr\/wp-content\/uploads\/2024\/02\/Anon-dAndon-vue-generale-scaled.jpg?resize=2048%2C1365&amp;ssl=1 2048w, https:\/\/i0.wp.com\/www.anondandon.fr\/wp-content\/uploads\/2024\/02\/Anon-dAndon-vue-generale-scaled.jpg?w=2340 2340w\" sizes=\"(max-width: 1024px) 100vw, 1024px\" \/><p id=\"caption-attachment-646\" class=\"wp-caption-text\">l&rsquo;Anon d&rsquo;Andon &#8211; situation g\u00e9ographique<\/p><\/div>\r\n<p>En \u00e9t\u00e9, profitez de la piscine<\/p>\r\n<div id=\"attachment_725\" style=\"width: 1034px\" class=\"wp-caption aligncenter\"><img data-recalc-dims=\"1\" loading=\"lazy\" decoding=\"async\" aria-describedby=\"caption-attachment-725\" class=\"size-large wp-image-725\" src=\"https:\/\/i0.wp.com\/www.anondandon.fr\/wp-content\/uploads\/2025\/06\/IMG_7745.jpg?resize=1024%2C768\" alt=\"L'Anon d'Andon\" width=\"1024\" height=\"768\" srcset=\"https:\/\/i0.wp.com\/www.anondandon.fr\/wp-content\/uploads\/2025\/06\/IMG_7745-scaled.jpg?resize=1024%2C768&amp;ssl=1 1024w, https:\/\/i0.wp.com\/www.anondandon.fr\/wp-content\/uploads\/2025\/06\/IMG_7745-scaled.jpg?resize=300%2C225&amp;ssl=1 300w, https:\/\/i0.wp.com\/www.anondandon.fr\/wp-content\/uploads\/2025\/06\/IMG_7745-scaled.jpg?resize=768%2C576&amp;ssl=1 768w, https:\/\/i0.wp.com\/www.anondandon.fr\/wp-content\/uploads\/2025\/06\/IMG_7745-scaled.jpg?resize=1536%2C1152&amp;ssl=1 1536w, https:\/\/i0.wp.com\/www.anondandon.fr\/wp-content\/uploads\/2025\/06\/IMG_7745-scaled.jpg?resize=2048%2C1536&amp;ssl=1 2048w, https:\/\/i0.wp.com\/www.anondandon.fr\/wp-content\/uploads\/2025\/06\/IMG_7745-scaled.jpg?w=2340 2340w\" sizes=\"(max-width: 1024px) 100vw, 1024px\" \/><p id=\"caption-attachment-725\" class=\"wp-caption-text\">L&rsquo;Anon d&rsquo;Andon<\/p><\/div>\r\n","protected":false},"excerpt":{"rendered":"<p>Chalet chambres et table d&rsquo;h\u00f4tes L&rsquo;\u00e2non d&rsquo;Andon &#8211; 490 route du Pont du Loup &#8211; 06750 Andon Coordonn\u00e9es GPS 43.77441 6.79335 T\u00e9l\u00e9phone: +33645788263 email: anondandon@gmail.com Chalet chambres et table d&rsquo;h\u00f4te \u00e0 Andon Alpes-Maritimes,\u00a0\u00a0 \u00e0 1h de route de Cannes ou Antibes, dans le Parc R\u00e9gional des Pr\u00e9alpes d&rsquo;Azur! 5 chambres dans un chalet \u00e0 1200m [&hellip;]<\/p>\n","protected":false},"author":1,"featured_media":212,"parent":0,"menu_order":0,"comment_status":"closed","ping_status":"closed","template":"","meta":{"pgc_sgb_lightbox_settings":"","footnotes":""},"class_list":["post-24","page","type-page","status-publish","has-post-thumbnail","hentry"],"yoast_head":"<!-- This site is optimized with the Yoast SEO plugin v26.9 - https:\/\/yoast.com\/product\/yoast-seo-wordpress\/ -->\n<title>L&#039;\u00e2non d&#039;Andon - chambres &amp; table d&#039;h\u00f4tes<\/title>\n<meta name=\"description\" content=\"L&#039;\u00e2non d&#039;Andon est un chalet chambres et table d&#039;h\u00f4tes \u00e0 Andon Alpes-Maritimes - \u00e0 1h de route de Cannes ou Antibes!\" \/>\n<meta name=\"robots\" content=\"index, follow, max-snippet:-1, max-image-preview:large, max-video-preview:-1\" \/>\n<link rel=\"canonical\" href=\"https:\/\/www.anondandon.fr\/\" \/>\n<meta property=\"og:locale\" content=\"fr_FR\" \/>\n<meta property=\"og:type\" content=\"article\" \/>\n<meta property=\"og:title\" content=\"L&#039;\u00e2non d&#039;Andon - chambres &amp; table d&#039;h\u00f4tes\" \/>\n<meta property=\"og:description\" content=\"L&#039;\u00e2non d&#039;Andon est un chalet chambres et table d&#039;h\u00f4tes \u00e0 Andon Alpes-Maritimes - \u00e0 1h de route de Cannes ou Antibes!\" \/>\n<meta property=\"og:url\" content=\"https:\/\/www.anondandon.fr\/\" \/>\n<meta property=\"og:site_name\" content=\"L&#039;\u00e2non d&#039;Andon\" \/>\n<meta property=\"article:modified_time\" content=\"2025-11-08T22:20:09+00:00\" \/>\n<meta property=\"og:image\" content=\"http:\/\/www.anondandon.fr\/wp-content\/uploads\/2021\/10\/P2210979-3-scaled.jpg\" \/>\n\t<meta property=\"og:image:width\" content=\"2560\" \/>\n\t<meta property=\"og:image:height\" content=\"601\" \/>\n\t<meta property=\"og:image:type\" content=\"image\/jpeg\" \/>\n<meta name=\"twitter:card\" content=\"summary_large_image\" \/>\n<meta name=\"twitter:label1\" content=\"Dur\u00e9e de lecture estim\u00e9e\" \/>\n\t<meta name=\"twitter:data1\" content=\"3 minutes\" \/>\n<script type=\"application\/ld+json\" class=\"yoast-schema-graph\">{\"@context\":\"https:\/\/schema.org\",\"@graph\":[{\"@type\":\"WebPage\",\"@id\":\"https:\/\/www.anondandon.fr\/\",\"url\":\"https:\/\/www.anondandon.fr\/\",\"name\":\"L'\u00e2non d'Andon - chambres & table d'h\u00f4tes\",\"isPartOf\":{\"@id\":\"https:\/\/www.anondandon.fr\/#website\"},\"primaryImageOfPage\":{\"@id\":\"https:\/\/www.anondandon.fr\/#primaryimage\"},\"image\":{\"@id\":\"https:\/\/www.anondandon.fr\/#primaryimage\"},\"thumbnailUrl\":\"https:\/\/i0.wp.com\/www.anondandon.fr\/wp-content\/uploads\/2021\/10\/P2210979-3-scaled.jpg?fit=2560%2C601&ssl=1\",\"datePublished\":\"2021-10-28T14:07:09+00:00\",\"dateModified\":\"2025-11-08T22:20:09+00:00\",\"description\":\"L'\u00e2non d'Andon est un chalet chambres et table d'h\u00f4tes \u00e0 Andon Alpes-Maritimes - \u00e0 1h de route de Cannes ou Antibes!\",\"breadcrumb\":{\"@id\":\"https:\/\/www.anondandon.fr\/#breadcrumb\"},\"inLanguage\":\"fr-FR\",\"potentialAction\":[{\"@type\":\"ReadAction\",\"target\":[\"https:\/\/www.anondandon.fr\/\"]}]},{\"@type\":\"ImageObject\",\"inLanguage\":\"fr-FR\",\"@id\":\"https:\/\/www.anondandon.fr\/#primaryimage\",\"url\":\"https:\/\/i0.wp.com\/www.anondandon.fr\/wp-content\/uploads\/2021\/10\/P2210979-3-scaled.jpg?fit=2560%2C601&ssl=1\",\"contentUrl\":\"https:\/\/i0.wp.com\/www.anondandon.fr\/wp-content\/uploads\/2021\/10\/P2210979-3-scaled.jpg?fit=2560%2C601&ssl=1\",\"width\":2560,\"height\":601},{\"@type\":\"BreadcrumbList\",\"@id\":\"https:\/\/www.anondandon.fr\/#breadcrumb\",\"itemListElement\":[{\"@type\":\"ListItem\",\"position\":1,\"name\":\"Accueil\",\"item\":\"https:\/\/www.anondandon.fr\/\"},{\"@type\":\"ListItem\",\"position\":2,\"name\":\"L&rsquo;\u00e2non d&rsquo;Andon\"}]},{\"@type\":\"WebSite\",\"@id\":\"https:\/\/www.anondandon.fr\/#website\",\"url\":\"https:\/\/www.anondandon.fr\/\",\"name\":\"L&#039;\u00e2non d&#039;Andon\",\"description\":\"Un havre de paix dans les Alpes d&#039;Azur\",\"publisher\":{\"@id\":\"https:\/\/www.anondandon.fr\/#organization\"},\"potentialAction\":[{\"@type\":\"SearchAction\",\"target\":{\"@type\":\"EntryPoint\",\"urlTemplate\":\"https:\/\/www.anondandon.fr\/?s={search_term_string}\"},\"query-input\":{\"@type\":\"PropertyValueSpecification\",\"valueRequired\":true,\"valueName\":\"search_term_string\"}}],\"inLanguage\":\"fr-FR\"},{\"@type\":\"Organization\",\"@id\":\"https:\/\/www.anondandon.fr\/#organization\",\"name\":\"L&#039;\u00e2non d&#039;Andon\",\"url\":\"https:\/\/www.anondandon.fr\/\",\"logo\":{\"@type\":\"ImageObject\",\"inLanguage\":\"fr-FR\",\"@id\":\"https:\/\/www.anondandon.fr\/#\/schema\/logo\/image\/\",\"url\":\"https:\/\/i0.wp.com\/www.anondandon.fr\/wp-content\/uploads\/2021\/10\/cropped-cropped-LogoAndon.jpg?fit=512%2C496&ssl=1\",\"contentUrl\":\"https:\/\/i0.wp.com\/www.anondandon.fr\/wp-content\/uploads\/2021\/10\/cropped-cropped-LogoAndon.jpg?fit=512%2C496&ssl=1\",\"width\":512,\"height\":496,\"caption\":\"L&#039;\u00e2non d&#039;Andon\"},\"image\":{\"@id\":\"https:\/\/www.anondandon.fr\/#\/schema\/logo\/image\/\"}}]}<\/script>\n<!-- \/ Yoast SEO plugin. -->","yoast_head_json":{"title":"L'\u00e2non d'Andon - chambres & table d'h\u00f4tes","description":"L'\u00e2non d'Andon est un chalet chambres et table d'h\u00f4tes \u00e0 Andon Alpes-Maritimes - \u00e0 1h de route de Cannes ou Antibes!","robots":{"index":"index","follow":"follow","max-snippet":"max-snippet:-1","max-image-preview":"max-image-preview:large","max-video-preview":"max-video-preview:-1"},"canonical":"https:\/\/www.anondandon.fr\/","og_locale":"fr_FR","og_type":"article","og_title":"L'\u00e2non d'Andon - chambres & table d'h\u00f4tes","og_description":"L'\u00e2non d'Andon est un chalet chambres et table d'h\u00f4tes \u00e0 Andon Alpes-Maritimes - \u00e0 1h de route de Cannes ou Antibes!","og_url":"https:\/\/www.anondandon.fr\/","og_site_name":"L&#039;\u00e2non d&#039;Andon","article_modified_time":"2025-11-08T22:20:09+00:00","og_image":[{"width":2560,"height":601,"url":"http:\/\/www.anondandon.fr\/wp-content\/uploads\/2021\/10\/P2210979-3-scaled.jpg","type":"image\/jpeg"}],"twitter_card":"summary_large_image","twitter_misc":{"Dur\u00e9e de lecture estim\u00e9e":"3 minutes"},"schema":{"@context":"https:\/\/schema.org","@graph":[{"@type":"WebPage","@id":"https:\/\/www.anondandon.fr\/","url":"https:\/\/www.anondandon.fr\/","name":"L'\u00e2non d'Andon - chambres & table d'h\u00f4tes","isPartOf":{"@id":"https:\/\/www.anondandon.fr\/#website"},"primaryImageOfPage":{"@id":"https:\/\/www.anondandon.fr\/#primaryimage"},"image":{"@id":"https:\/\/www.anondandon.fr\/#primaryimage"},"thumbnailUrl":"https:\/\/i0.wp.com\/www.anondandon.fr\/wp-content\/uploads\/2021\/10\/P2210979-3-scaled.jpg?fit=2560%2C601&ssl=1","datePublished":"2021-10-28T14:07:09+00:00","dateModified":"2025-11-08T22:20:09+00:00","description":"L'\u00e2non d'Andon est un chalet chambres et table d'h\u00f4tes \u00e0 Andon Alpes-Maritimes - \u00e0 1h de route de Cannes ou Antibes!","breadcrumb":{"@id":"https:\/\/www.anondandon.fr\/#breadcrumb"},"inLanguage":"fr-FR","potentialAction":[{"@type":"ReadAction","target":["https:\/\/www.anondandon.fr\/"]}]},{"@type":"ImageObject","inLanguage":"fr-FR","@id":"https:\/\/www.anondandon.fr\/#primaryimage","url":"https:\/\/i0.wp.com\/www.anondandon.fr\/wp-content\/uploads\/2021\/10\/P2210979-3-scaled.jpg?fit=2560%2C601&ssl=1","contentUrl":"https:\/\/i0.wp.com\/www.anondandon.fr\/wp-content\/uploads\/2021\/10\/P2210979-3-scaled.jpg?fit=2560%2C601&ssl=1","width":2560,"height":601},{"@type":"BreadcrumbList","@id":"https:\/\/www.anondandon.fr\/#breadcrumb","itemListElement":[{"@type":"ListItem","position":1,"name":"Accueil","item":"https:\/\/www.anondandon.fr\/"},{"@type":"ListItem","position":2,"name":"L&rsquo;\u00e2non d&rsquo;Andon"}]},{"@type":"WebSite","@id":"https:\/\/www.anondandon.fr\/#website","url":"https:\/\/www.anondandon.fr\/","name":"L&#039;\u00e2non d&#039;Andon","description":"Un havre de paix dans les Alpes d&#039;Azur","publisher":{"@id":"https:\/\/www.anondandon.fr\/#organization"},"potentialAction":[{"@type":"SearchAction","target":{"@type":"EntryPoint","urlTemplate":"https:\/\/www.anondandon.fr\/?s={search_term_string}"},"query-input":{"@type":"PropertyValueSpecification","valueRequired":true,"valueName":"search_term_string"}}],"inLanguage":"fr-FR"},{"@type":"Organization","@id":"https:\/\/www.anondandon.fr\/#organization","name":"L&#039;\u00e2non d&#039;Andon","url":"https:\/\/www.anondandon.fr\/","logo":{"@type":"ImageObject","inLanguage":"fr-FR","@id":"https:\/\/www.anondandon.fr\/#\/schema\/logo\/image\/","url":"https:\/\/i0.wp.com\/www.anondandon.fr\/wp-content\/uploads\/2021\/10\/cropped-cropped-LogoAndon.jpg?fit=512%2C496&ssl=1","contentUrl":"https:\/\/i0.wp.com\/www.anondandon.fr\/wp-content\/uploads\/2021\/10\/cropped-cropped-LogoAndon.jpg?fit=512%2C496&ssl=1","width":512,"height":496,"caption":"L&#039;\u00e2non d&#039;Andon"},"image":{"@id":"https:\/\/www.anondandon.fr\/#\/schema\/logo\/image\/"}}]}},"jetpack_shortlink":"https:\/\/wp.me\/Pdu1e8-o","jetpack_sharing_enabled":true,"jetpack_likes_enabled":false,"_links":{"self":[{"href":"https:\/\/www.anondandon.fr\/index.php\/wp-json\/wp\/v2\/pages\/24","targetHints":{"allow":["GET"]}}],"collection":[{"href":"https:\/\/www.anondandon.fr\/index.php\/wp-json\/wp\/v2\/pages"}],"about":[{"href":"https:\/\/www.anondandon.fr\/index.php\/wp-json\/wp\/v2\/types\/page"}],"author":[{"embeddable":true,"href":"https:\/\/www.anondandon.fr\/index.php\/wp-json\/wp\/v2\/users\/1"}],"replies":[{"embeddable":true,"href":"https:\/\/www.anondandon.fr\/index.php\/wp-json\/wp\/v2\/comments?post=24"}],"version-history":[{"count":60,"href":"https:\/\/www.anondandon.fr\/index.php\/wp-json\/wp\/v2\/pages\/24\/revisions"}],"predecessor-version":[{"id":766,"href":"https:\/\/www.anondandon.fr\/index.php\/wp-json\/wp\/v2\/pages\/24\/revisions\/766"}],"wp:featuredmedia":[{"embeddable":true,"href":"https:\/\/www.anondandon.fr\/index.php\/wp-json\/wp\/v2\/media\/212"}],"wp:attachment":[{"href":"https:\/\/www.anondandon.fr\/index.php\/wp-json\/wp\/v2\/media?parent=24"}],"curies":[{"name":"wp","href":"https:\/\/api.w.org\/{rel}","templated":true}]}}